{"id":224,"date":"2022-08-07T09:57:17","date_gmt":"2022-08-07T06:57:17","guid":{"rendered":"https:\/\/freedommc.fi\/kauppa\/?post_type=product&#038;p=224"},"modified":"2024-08-20T10:13:31","modified_gmt":"2024-08-20T07:13:31","slug":"treenimaksutilaus","status":"publish","type":"product","link":"https:\/\/freedommc.fi\/kauppa\/tuote\/treenimaksutilaus\/","title":{"rendered":"Treenimaksutilaus"},"content":{"rendered":"<p>HUOM! \u00c4L\u00c4 LIS\u00c4\u00c4 OSTOSKORIIN, K\u00c4YT\u00c4 LINKKEJ\u00c4!<\/p>\n<p>Treenien kuukausimaksu. Sis\u00e4lt\u00e4\u00e4 2 x treeni\u00e4 viikossa, suihkun ja saunan haluttaessa. Juhlapyhien ja koulujen loma-aikojen treenit saattavat vaikuttaa treenikalenteriin.<\/p>\n<p>Treenikalenteri alkaen 7.8.2022. Sali on kerhon j\u00e4senten k\u00e4yt\u00f6ss\u00e4 24\/7 ja j\u00e4senten mukana ollessa ovat kaikki tervetulleita mukaan.<\/p>\n<p>To: 19.00 Kehonhuolto<\/p>\n<p>Su: 11.00 Thainyrkkeily<\/p>\n<p>&nbsp;<\/p>\n<p>Tilaa t\u00e4st\u00e4 linkist\u00e4 tai k\u00e4yt\u00e4 QR-koodia. Tarvitset Debit tai Credit -kortin.<\/p>\n<p><a href=\"https:\/\/buy.stripe.com\/fZedTG1oL3G07zq000\">https:\/\/buy.stripe.com\/fZedTG1oL3G07zq000<\/a><\/p>\n<p><img fetchpriority=\"high\" decoding=\"async\" class=\"alignnone size-medium wp-image-226\" src=\"https:\/\/freedommc.fi\/kauppa\/wp-content\/uploads\/sites\/3\/2022\/08\/qr_fZedTG1oL3G07zq000-250x300.png\" alt=\"\" width=\"250\" height=\"300\" srcset=\"https:\/\/freedommc.fi\/kauppa\/wp-content\/uploads\/sites\/3\/2022\/08\/qr_fZedTG1oL3G07zq000-250x300.png 250w, https:\/\/freedommc.fi\/kauppa\/wp-content\/uploads\/sites\/3\/2022\/08\/qr_fZedTG1oL3G07zq000-854x1024.png 854w, https:\/\/freedommc.fi\/kauppa\/wp-content\/uploads\/sites\/3\/2022\/08\/qr_fZedTG1oL3G07zq000-768x921.png 768w, https:\/\/freedommc.fi\/kauppa\/wp-content\/uploads\/sites\/3\/2022\/08\/qr_fZedTG1oL3G07zq000-600x719.png 600w, https:\/\/freedommc.fi\/kauppa\/wp-content\/uploads\/sites\/3\/2022\/08\/qr_fZedTG1oL3G07zq000.png 880w\" sizes=\"(max-width: 250px) 100vw, 250px\" \/><\/p>\n","protected":false},"excerpt":{"rendered":"<p>HUOM! \u00c4L\u00c4 LIS\u00c4\u00c4 OSTOSKORIIN, K\u00c4YT\u00c4 LINKKEJ\u00c4! Treenien kuukausimaksu. Sis\u00e4lt\u00e4\u00e4 2 x treeni\u00e4 viikossa, suihkun ja saunan haluttaessa. Juhlapyhien ja koulujen loma-aikojen treenit saattavat vaikuttaa treenikalenteriin. Treenikalenteri alkaen 7.8.2022. Sali on kerhon j\u00e4senten k\u00e4yt\u00f6ss\u00e4 24\/7 ja j\u00e4senten mukana ollessa ovat kaikki tervetulleita mukaan. To: 19.00 Kehonhuolto Su: 11.00 Thainyrkkeily &nbsp; Tilaa t\u00e4st\u00e4 linkist\u00e4 tai k\u00e4yt\u00e4 QR-koodia. [&hellip;]<\/p>\n","protected":false},"featured_media":226,"comment_status":"open","ping_status":"closed","template":"","meta":[],"product_brand":[],"product_cat":[36],"product_tag":[],"class_list":{"0":"post-224","1":"product","2":"type-product","3":"status-publish","4":"has-post-thumbnail","6":"product_cat-palvelut-ja-tilaukset","8":"first","9":"instock","10":"virtual","11":"purchasable","12":"product-type-simple"},"jetpack_sharing_enabled":true,"_links":{"self":[{"href":"https:\/\/freedommc.fi\/kauppa\/wp-json\/wp\/v2\/product\/224","targetHints":{"allow":["GET"]}}],"collection":[{"href":"https:\/\/freedommc.fi\/kauppa\/wp-json\/wp\/v2\/product"}],"about":[{"href":"https:\/\/freedommc.fi\/kauppa\/wp-json\/wp\/v2\/types\/product"}],"replies":[{"embeddable":true,"href":"https:\/\/freedommc.fi\/kauppa\/wp-json\/wp\/v2\/comments?post=224"}],"wp:featuredmedia":[{"embeddable":true,"href":"https:\/\/freedommc.fi\/kauppa\/wp-json\/wp\/v2\/media\/226"}],"wp:attachment":[{"href":"https:\/\/freedommc.fi\/kauppa\/wp-json\/wp\/v2\/media?parent=224"}],"wp:term":[{"taxonomy":"product_brand","embeddable":true,"href":"https:\/\/freedommc.fi\/kauppa\/wp-json\/wp\/v2\/product_brand?post=224"},{"taxonomy":"product_cat","embeddable":true,"href":"https:\/\/freedommc.fi\/kauppa\/wp-json\/wp\/v2\/product_cat?post=224"},{"taxonomy":"product_tag","embeddable":true,"href":"https:\/\/freedommc.fi\/kauppa\/wp-json\/wp\/v2\/product_tag?post=224"}],"curies":[{"name":"wp","href":"https:\/\/api.w.org\/{rel}","templated":true}]}}